{"id":33732,"date":"2024-04-17T10:03:19","date_gmt":"2024-04-17T08:03:19","guid":{"rendered":"https:\/\/carbonveneta.com\/?page_id=33732"},"modified":"2024-04-23T15:10:26","modified_gmt":"2024-04-23T13:10:26","slug":"copyright-und-rechtliche-hinweise","status":"publish","type":"page","link":"https:\/\/carbonveneta.com\/de\/copyright-und-rechtliche-hinweise\/","title":{"rendered":"Copyright und rechtliche Hinweise"},"content":{"rendered":"<section id=\"bt_bb_section69e36fc65bbf6\" class=\"bt_bb_section bt_bb_color_scheme_11 bt_bb_layout_boxed_1200 bt_bb_vertical_align_middle bt_bb_top_spacing_extra_large bt_bb_bottom_spacing_large bt_bb_negative_margin_ bt-dark-skin\" style=\"; --section-primary-color:#ffffff; --section-secondary-color:#000000;\" data-bt-override-class=\"{&quot;bt_bb_top_spacing_&quot;:{&quot;current_class&quot;:&quot;bt_bb_top_spacing_extra_large&quot;,&quot;xxl&quot;:&quot;extra_large&quot;,&quot;xl&quot;:&quot;extra_large&quot;,&quot;sm&quot;:&quot;large&quot;,&quot;xs&quot;:&quot;large&quot;},&quot;bt_bb_bottom_spacing_&quot;:{&quot;current_class&quot;:&quot;bt_bb_bottom_spacing_large&quot;,&quot;xxl&quot;:&quot;large&quot;,&quot;xl&quot;:&quot;large&quot;,&quot;sm&quot;:&quot;medium&quot;,&quot;xs&quot;:&quot;medium&quot;},&quot;bt_bb_negative_margin_&quot;:{&quot;current_class&quot;:&quot;bt_bb_negative_margin_&quot;,&quot;xxl&quot;:&quot;&quot;,&quot;xl&quot;:&quot;&quot;}}\"><div class=\"bt_bb_background_image_holder_wrapper\"><div class=\"bt_bb_background_image_holder btLazyLoadBackground\"  data-background_image_src=\"https:\/\/carbonveneta.com\/wp-content\/uploads\/2022\/10\/fondino-carbonio-nero.jpg\" data-parallax-zoom-start=\"1\" data-parallax-zoom-end=\"1\" data-parallax-blur-start=\"0\" data-parallax-blur-end=\"0\" data-parallax-opacity-start=\"1\" data-parallax-opacity-end=\"1\" style=\" background-image: url(&#039;https:\/\/carbonveneta.com\/wp-content\/plugins\/bold-page-builder\/img\/blank.gif&#039;);\"><\/div><\/div><div class=\"bt_bb_port\"><div class=\"bt_bb_cell\"><div class=\"bt_bb_cell_inner\"><div class=\"bt_bb_row bt_bb_row_width_boxed_1200 \"  data-bt-override-class=\"{}\"><div class=\"bt_bb_row_holder\" ><div  class=\"bt_bb_column col-xxl-12 col-xl-12 col-xs-12 col-sm-12 col-md-12 col-lg-12 bt_bb_vertical_align_top bt_bb_align_center bt_bb_padding_normal bt_bb_animation_fade_in bt_bb_animation_zoom_out animate\"  data-width=\"12\" data-bt-override-class=\"{&quot;bt_bb_align_&quot;:{&quot;current_class&quot;:&quot;bt_bb_align_center&quot;,&quot;xxl&quot;:&quot;center&quot;,&quot;xl&quot;:&quot;center&quot;},&quot;bt_bb_padding_&quot;:{&quot;current_class&quot;:&quot;bt_bb_padding_normal&quot;,&quot;xxl&quot;:&quot;normal&quot;,&quot;xl&quot;:&quot;normal&quot;}}\"><div class=\"bt_bb_column_content\"><div class=\"bt_bb_column_content_inner\"><div class=\"bt_bb_separator bt_bb_border_style_none bt_bb_top_spacing_ bt_bb_bottom_spacing_30\" data-bt-override-class=\"{&quot;bt_bb_top_spacing_&quot;:{&quot;current_class&quot;:&quot;bt_bb_top_spacing_&quot;,&quot;xxl&quot;:&quot;&quot;,&quot;xl&quot;:&quot;&quot;},&quot;bt_bb_bottom_spacing_&quot;:{&quot;current_class&quot;:&quot;bt_bb_bottom_spacing_30&quot;,&quot;xxl&quot;:&quot;30&quot;,&quot;xl&quot;:&quot;30&quot;}}\"><\/div><header data-bb-version=\"4.5.4\" class=\"bt_bb_headline bt_bb_color_scheme_1 bt_bb_dash_top bt_bb_size_extralarge bt_bb_align_center\" style=\"; --headline-primary-color:#ffffff; --headline-secondary-color:#000000;\" data-bt-override-class=\"{&quot;bt_bb_size_&quot;:{&quot;current_class&quot;:&quot;bt_bb_size_extralarge&quot;,&quot;xxl&quot;:&quot;extralarge&quot;},&quot;bt_bb_align_&quot;:{&quot;current_class&quot;:&quot;bt_bb_align_center&quot;,&quot;xxl&quot;:&quot;center&quot;}}\"><h1><span class=\"bt_bb_headline_content\"><span>Copyright und rechtliche Hinweise<\/span><\/span><\/h1><\/header><div class=\"bt_bb_separator bt_bb_border_style_none bt_bb_top_spacing_ bt_bb_bottom_spacing_20\" data-bt-override-class=\"{&quot;bt_bb_top_spacing_&quot;:{&quot;current_class&quot;:&quot;bt_bb_top_spacing_&quot;,&quot;xxl&quot;:&quot;&quot;,&quot;xl&quot;:&quot;&quot;},&quot;bt_bb_bottom_spacing_&quot;:{&quot;current_class&quot;:&quot;bt_bb_bottom_spacing_20&quot;,&quot;xxl&quot;:&quot;20&quot;,&quot;xl&quot;:&quot;20&quot;}}\"><\/div><\/div><\/div><\/div><\/div><\/div><\/div><!-- cell_inner --><\/div><!-- cell --><\/div><!-- port --><\/section><section id=\"bt_bb_section69e36fc65c271\" class=\"bt_bb_section bt_bb_layout_boxed_1200 bt_bb_vertical_align_top bt_bb_top_spacing_100 bt_bb_bottom_spacing_100\" style=\"z-index: 1;\" data-bt-override-class=\"{&quot;bt_bb_top_spacing_&quot;:{&quot;current_class&quot;:&quot;bt_bb_top_spacing_100&quot;,&quot;xxl&quot;:&quot;100&quot;,&quot;xl&quot;:&quot;100&quot;,&quot;sm&quot;:&quot;40&quot;,&quot;xs&quot;:&quot;40&quot;},&quot;bt_bb_bottom_spacing_&quot;:{&quot;current_class&quot;:&quot;bt_bb_bottom_spacing_100&quot;,&quot;xxl&quot;:&quot;100&quot;,&quot;xl&quot;:&quot;100&quot;,&quot;sm&quot;:&quot;40&quot;,&quot;xs&quot;:&quot;40&quot;}}\"><div class=\"bt_bb_port\"><div class=\"bt_bb_cell\"><div class=\"bt_bb_cell_inner\"><div class=\"bt_bb_row \"  data-bt-override-class=\"{}\"><div class=\"bt_bb_row_holder\" ><\/div><\/div><div class=\"bt_bb_row \"  data-bt-override-class=\"{}\"><div class=\"bt_bb_row_holder\" ><div  class=\"bt_bb_column col-xxl-12 col-xl-12 bt_bb_vertical_align_top bt_bb_align_left bt_bb_padding_normal\"  data-width=\"12\" data-bt-override-class=\"{}\"><div class=\"bt_bb_column_content\"><div class=\"bt_bb_column_content_inner\"><div  class=\"bt_bb_text\" ><h1><span class=\"bt_bb_headline_content\">Copyright und rechtliche Hinweise<\/span><\/h1>\n<p>Dieses Dokument enth\u00e4lt die rechtlichen Bedingungen f\u00fcr den Zugriff auf und die Nutzung der Website<em> www.carbonveneta.com<\/em>.<br \/>\nIndem Sie auf die Webseite zugreifen, sie oder das darin enthaltene Material nutzen, erkl\u00e4ren Sie sich mit der Einhaltung der nachstehend aufgef\u00fchrten rechtlichen Bedingungen einverstanden.<\/p>\n<p><strong>1. Eigentum an der Website\u2028<\/strong><\/p>\n<p>Diese Webseite ist Eigentum von <strong>CARBONVENETA TECNOLOGIA NEI COMPOSITI &#8211; NESTECH &#8211; PLD COLLETTORI SRL<\/strong> (im Folgenden als Eigent\u00fcmergesellschaft bezeichnet) mit Sitz in:<\/p>\n<p><strong>Via Cavallara 18 \u2013 36040 Valdastico (VI) Italien<\/strong><br \/>\n<strong>\u2028USt.-IdNr. 03804520249<\/strong><br \/>\n<strong>\u2028Telefon +39 0445 745072<\/strong><br \/>\n<strong>\u2028Fax +39 0445 745072<\/strong><br \/>\n<strong>E-Mail info@carbonveneta.it<\/strong><\/p>\n<p><strong>2. Urheberrecht und Warenzeichenrecht<\/strong><\/p>\n<p>Diese Webseite ist als einzelnes und\/oder zusammengesetztes und\/oder kollektives Werk gem\u00e4\u00df den italienischen und EU-Urheberrechtsgesetzen, internationalen Konventionen und anderen Urheberrechtsgesetzen urheberrechtlich gesch\u00fctzt.<\/p>\n<p>Jede unbefugte Nutzung der auf der Website enthaltenen Materialien ist strengstens untersagt.<\/p>\n<p>Die Webseite kann Dokumente, Bilder, Software, Informationen und andere Materialien enthalten, die Eigentum Dritter sind, wie z.B. Fotos, Werbung, Filmclips und Musik.<br \/>\nJede unbefugte Nutzung der auf der Webseite enthaltenen Materialien ist strengstens untersagt, es sei denn, Sie haben zuvor die schriftliche Zustimmung des Eigent\u00fcmers der betreffenden Materialien eingeholt. Alle Rechte sind vorbehalten.<\/p>\n<p><strong>3. Nutzung der Webseite und Zugang zur Webseite<\/strong><\/p>\n<p>Die Inhalte und Materialien auf dieser Webseite sind nur f\u00fcr den pers\u00f6nlichen, nicht-kommerziellen Gebrauch bestimmt.<\/p>\n<p>Sie d\u00fcrfen die Inhalte und andere herunterladbare Materialien, die auf dieser Webseite angezeigt werden, nur f\u00fcr Ihren pers\u00f6nlichen, nicht-kommerziellen Gebrauch herunterladen oder kopieren, vorausgesetzt, Sie erkennen an, dass das Material urheberrechtlich gesch\u00fctzt ist und dass Sie sich verpflichten, alle Urheberrechte und sonstigen Rechte an dieser Webseite zu respektieren.<\/p>\n<p>Das Kopieren oder Speichern von Inhalten f\u00fcr andere als pers\u00f6nliche und nicht-kommerzielle Zwecke ist strengstens untersagt, es sei denn, Sie haben zuvor die schriftliche Genehmigung der Eigent\u00fcmergesellschaft eingeholt.<\/p>\n<p>Die Eigent\u00fcmergesellschaft kann alle oder einzelne Funktionen der Webseite jederzeit \u00e4ndern, l\u00f6schen oder aussetzen, einschlie\u00dflich der Verf\u00fcgbarkeit der gesamten oder eines Teils der Webseite, ihrer Funktionen und der Datenbank.<\/p>\n<p>Die Eigent\u00fcmergesellschaft kann auch Fehler oder Auslassungen in irgendeinem Teil der Webseite korrigieren oder bestimmte Funktionen und Dienste einschr\u00e4nken oder den Zugang der Benutzer zu Teilen oder zur Gesamtheit der Webseite ohne Vorank\u00fcndigung und ohne jegliche Haftung einschr\u00e4nken.<\/p>\n<p><strong>4. Ausschluss der Gew\u00e4hrleistung und Haftungsbeschr\u00e4nkung<\/strong><\/p>\n<p>Sie erkennen an, dass Sie die Webseite auf Ihr eigenes Risiko nutzen.<\/p>\n<p>Der Service wird \u201ewie besehen\u201c zur Verf\u00fcgung gestellt, und die Eigent\u00fcmergesellschaft lehnt ausdr\u00fccklich alle ausdr\u00fccklichen oder stillschweigenden Garantien jeglicher Art ab, einschlie\u00dflich, aber nicht beschr\u00e4nkt auf Garantien f\u00fcr Genauigkeit, Zuverl\u00e4ssigkeit, Rechtsanspruch, Nichtverletzung von Rechten, Eignung f\u00fcr einen bestimmten Zweck oder andere Garantien, Bedingungen, Zusicherungen oder Zusagen, ob m\u00fcndlich, schriftlich oder in elektronischer Form, einschlie\u00dflich, aber nicht beschr\u00e4nkt auf Garantien f\u00fcr die Genauigkeit oder Vollst\u00e4ndigkeit von Informationen, die auf der Webseite enthalten sind oder von ihr bereitgestellt werden.<\/p>\n<p>Die Eigent\u00fcmergesellschaft sichert nicht zu oder garantiert nicht, dass der Zugriff auf die Webseite nicht unterbrochen wird oder dass die Webseite keine Fehlfunktionen, Fehler oder Auslassungen oder Verlust von \u00fcbertragenen Informationen enth\u00e4lt oder dass keine Viren auf der Webseite \u00fcbertragen werden.<\/p>\n<p>Die Eigent\u00fcmergesellschaft haftet weder gegen\u00fcber einem Nutzer der Webseite noch gegen\u00fcber Dritten f\u00fcr direkte, indirekte, besondere oder Folgesch\u00e4den, die angeblich durch den Zugriff auf die Webseite oder die Unm\u00f6glichkeit des Zugriffs auf die Webseite entstanden sind, einschlie\u00dflich des Falles, dass angeblich Viren von der Webseite empfangen wurden, der Nutzung der Webseite oder des Vertrauens auf die Webseite oder die auf der Webseite verf\u00fcgbaren Informationen oder Materialien.<\/p>\n<p><strong>5. Anwendbares Recht und Gerichtsstand<\/strong><\/p>\n<p>Sie erkennen an und erkl\u00e4ren sich in jeder Hinsicht damit einverstanden, dass alle Streitigkeiten, die sich aus Ihrem Zugriff auf und\/oder Ihrer Nutzung der Webseite ergeben, italienischem Recht unterliegen und der ausschlie\u00dflichen Zust\u00e4ndigkeit eines italienischen Gerichts unterworfen werden.<\/p>\n<p><strong>6. Datenschutz\u2028<\/strong><\/p>\n<p>Informationen \u00fcber die Verarbeitung Ihrer pers\u00f6nlichen Daten gem\u00e4\u00df Artikel 13 des Gesetzesdekrets 196\/2003, das das Gesetz zum Schutz personenbezogener Daten enth\u00e4lt.<\/p>\n<p><strong>7. \u00c4nderungen<\/strong><br \/>\nDie oben genannten Regeln k\u00f6nnen von der Eigent\u00fcmergesellschaft von Zeit zu Zeit ge\u00e4ndert werden. Benachrichtigungen \u00fcber \u00c4nderungen dieser Regeln werden auf dieser Seite bekannt gegeben. Durch die fortgesetzte Nutzung der Webseite erkl\u00e4ren Sie sich mit solchen \u00c4nderungen oder \u00dcberarbeitungen dieser Regeln einverstanden. Es wird daher empfohlen, diese Seite regelm\u00e4\u00dfig zu besuchen.<\/p>\n<\/div><\/div><\/div><\/div><\/div><\/div><\/div><!-- cell_inner --><\/div><!-- cell --><\/div><!-- port --><\/section>","protected":false},"excerpt":{"rendered":"","protected":false},"author":1,"featured_media":0,"parent":0,"menu_order":0,"comment_status":"closed","ping_status":"open","template":"","meta":{"_monsterinsights_skip_tracking":false,"_monsterinsights_sitenote_active":false,"_monsterinsights_sitenote_note":"","_monsterinsights_sitenote_category":0,"footnotes":"","_wp_rev_ctl_limit":""},"yoast_head":"<!-- This site is optimized with the Yoast SEO plugin v22.9 - https:\/\/yoast.com\/wordpress\/plugins\/seo\/ -->\n<title>Copyright und rechtliche Hinweise | Carbonveneta<\/title>\n<meta name=\"robots\" content=\"index, follow, max-snippet:-1, max-image-preview:large, max-video-preview:-1\" \/>\n<link rel=\"canonical\" href=\"https:\/\/carbonveneta.com\/de\/copyright-und-rechtliche-hinweise\/\" \/>\n<meta property=\"og:locale\" content=\"de_DE\" \/>\n<meta property=\"og:type\" content=\"article\" \/>\n<meta property=\"og:title\" content=\"Copyright und rechtliche Hinweise | Carbonveneta\" \/>\n<meta property=\"og:url\" content=\"https:\/\/carbonveneta.com\/de\/copyright-und-rechtliche-hinweise\/\" \/>\n<meta property=\"og:site_name\" content=\"Carbonveneta\" \/>\n<meta property=\"article:modified_time\" content=\"2024-04-23T13:10:26+00:00\" \/>\n<meta property=\"og:image\" content=\"https:\/\/carbonveneta.com\/wp-content\/uploads\/2023\/03\/carbon-fiber-reinforced.jpg\" \/>\n\t<meta property=\"og:image:width\" content=\"1200\" \/>\n\t<meta property=\"og:image:height\" content=\"675\" \/>\n\t<meta property=\"og:image:type\" content=\"image\/jpeg\" \/>\n<meta name=\"twitter:card\" content=\"summary_large_image\" \/>\n<meta name=\"twitter:label1\" content=\"Gesch\u00e4tzte Lesezeit\" \/>\n\t<meta name=\"twitter:data1\" content=\"5\u00a0Minuten\" \/>\n<script type=\"application\/ld+json\" class=\"yoast-schema-graph\">{\"@context\":\"https:\/\/schema.org\",\"@graph\":[{\"@type\":\"WebPage\",\"@id\":\"https:\/\/carbonveneta.com\/de\/copyright-und-rechtliche-hinweise\/\",\"url\":\"https:\/\/carbonveneta.com\/de\/copyright-und-rechtliche-hinweise\/\",\"name\":\"Copyright und rechtliche Hinweise | Carbonveneta\",\"isPartOf\":{\"@id\":\"https:\/\/carbonveneta.com\/#website\"},\"datePublished\":\"2024-04-17T08:03:19+00:00\",\"dateModified\":\"2024-04-23T13:10:26+00:00\",\"breadcrumb\":{\"@id\":\"https:\/\/carbonveneta.com\/de\/copyright-und-rechtliche-hinweise\/#breadcrumb\"},\"inLanguage\":\"de\",\"potentialAction\":[{\"@type\":\"ReadAction\",\"target\":[\"https:\/\/carbonveneta.com\/de\/copyright-und-rechtliche-hinweise\/\"]}]},{\"@type\":\"BreadcrumbList\",\"@id\":\"https:\/\/carbonveneta.com\/de\/copyright-und-rechtliche-hinweise\/#breadcrumb\",\"itemListElement\":[{\"@type\":\"ListItem\",\"position\":1,\"name\":\"Home\",\"item\":\"https:\/\/carbonveneta.com\/de\/\"},{\"@type\":\"ListItem\",\"position\":2,\"name\":\"Copyright und rechtliche Hinweise\"}]},{\"@type\":\"WebSite\",\"@id\":\"https:\/\/carbonveneta.com\/#website\",\"url\":\"https:\/\/carbonveneta.com\/\",\"name\":\"Carbonveneta\",\"description\":\"Carbon fiber profiles\",\"publisher\":{\"@id\":\"https:\/\/carbonveneta.com\/#organization\"},\"potentialAction\":[{\"@type\":\"SearchAction\",\"target\":{\"@type\":\"EntryPoint\",\"urlTemplate\":\"https:\/\/carbonveneta.com\/?s={search_term_string}\"},\"query-input\":\"required name=search_term_string\"}],\"inLanguage\":\"de\"},{\"@type\":\"Organization\",\"@id\":\"https:\/\/carbonveneta.com\/#organization\",\"name\":\"Carbonveneta | Carbon fiber profiles\",\"alternateName\":\"Carbonveneta\",\"url\":\"https:\/\/carbonveneta.com\/\",\"logo\":{\"@type\":\"ImageObject\",\"inLanguage\":\"de\",\"@id\":\"https:\/\/carbonveneta.com\/#\/schema\/logo\/image\/\",\"url\":\"https:\/\/carbonveneta.com\/wp-content\/uploads\/2022\/10\/logo-carbonveneta-black.png\",\"contentUrl\":\"https:\/\/carbonveneta.com\/wp-content\/uploads\/2022\/10\/logo-carbonveneta-black.png\",\"width\":150,\"height\":150,\"caption\":\"Carbonveneta | Carbon fiber profiles\"},\"image\":{\"@id\":\"https:\/\/carbonveneta.com\/#\/schema\/logo\/image\/\"},\"sameAs\":[\"https:\/\/www.linkedin.com\/company\/carbonveneta-tecnologia-nei-compositi-srl\/\"]}]}<\/script>\n<!-- \/ Yoast SEO plugin. -->","yoast_head_json":{"title":"Copyright und rechtliche Hinweise | Carbonveneta","robots":{"index":"index","follow":"follow","max-snippet":"max-snippet:-1","max-image-preview":"max-image-preview:large","max-video-preview":"max-video-preview:-1"},"canonical":"https:\/\/carbonveneta.com\/de\/copyright-und-rechtliche-hinweise\/","og_locale":"de_DE","og_type":"article","og_title":"Copyright und rechtliche Hinweise | Carbonveneta","og_url":"https:\/\/carbonveneta.com\/de\/copyright-und-rechtliche-hinweise\/","og_site_name":"Carbonveneta","article_modified_time":"2024-04-23T13:10:26+00:00","og_image":[{"width":1200,"height":675,"url":"https:\/\/carbonveneta.com\/wp-content\/uploads\/2023\/03\/carbon-fiber-reinforced.jpg","type":"image\/jpeg"}],"twitter_card":"summary_large_image","twitter_misc":{"Gesch\u00e4tzte Lesezeit":"5\u00a0Minuten"},"schema":{"@context":"https:\/\/schema.org","@graph":[{"@type":"WebPage","@id":"https:\/\/carbonveneta.com\/de\/copyright-und-rechtliche-hinweise\/","url":"https:\/\/carbonveneta.com\/de\/copyright-und-rechtliche-hinweise\/","name":"Copyright und rechtliche Hinweise | Carbonveneta","isPartOf":{"@id":"https:\/\/carbonveneta.com\/#website"},"datePublished":"2024-04-17T08:03:19+00:00","dateModified":"2024-04-23T13:10:26+00:00","breadcrumb":{"@id":"https:\/\/carbonveneta.com\/de\/copyright-und-rechtliche-hinweise\/#breadcrumb"},"inLanguage":"de","potentialAction":[{"@type":"ReadAction","target":["https:\/\/carbonveneta.com\/de\/copyright-und-rechtliche-hinweise\/"]}]},{"@type":"BreadcrumbList","@id":"https:\/\/carbonveneta.com\/de\/copyright-und-rechtliche-hinweise\/#breadcrumb","itemListElement":[{"@type":"ListItem","position":1,"name":"Home","item":"https:\/\/carbonveneta.com\/de\/"},{"@type":"ListItem","position":2,"name":"Copyright und rechtliche Hinweise"}]},{"@type":"WebSite","@id":"https:\/\/carbonveneta.com\/#website","url":"https:\/\/carbonveneta.com\/","name":"Carbonveneta","description":"Carbon fiber profiles","publisher":{"@id":"https:\/\/carbonveneta.com\/#organization"},"potentialAction":[{"@type":"SearchAction","target":{"@type":"EntryPoint","urlTemplate":"https:\/\/carbonveneta.com\/?s={search_term_string}"},"query-input":"required name=search_term_string"}],"inLanguage":"de"},{"@type":"Organization","@id":"https:\/\/carbonveneta.com\/#organization","name":"Carbonveneta | Carbon fiber profiles","alternateName":"Carbonveneta","url":"https:\/\/carbonveneta.com\/","logo":{"@type":"ImageObject","inLanguage":"de","@id":"https:\/\/carbonveneta.com\/#\/schema\/logo\/image\/","url":"https:\/\/carbonveneta.com\/wp-content\/uploads\/2022\/10\/logo-carbonveneta-black.png","contentUrl":"https:\/\/carbonveneta.com\/wp-content\/uploads\/2022\/10\/logo-carbonveneta-black.png","width":150,"height":150,"caption":"Carbonveneta | Carbon fiber profiles"},"image":{"@id":"https:\/\/carbonveneta.com\/#\/schema\/logo\/image\/"},"sameAs":["https:\/\/www.linkedin.com\/company\/carbonveneta-tecnologia-nei-compositi-srl\/"]}]}},"_links":{"self":[{"href":"https:\/\/carbonveneta.com\/de\/wp-json\/wp\/v2\/pages\/33732"}],"collection":[{"href":"https:\/\/carbonveneta.com\/de\/wp-json\/wp\/v2\/pages"}],"about":[{"href":"https:\/\/carbonveneta.com\/de\/wp-json\/wp\/v2\/types\/page"}],"author":[{"embeddable":true,"href":"https:\/\/carbonveneta.com\/de\/wp-json\/wp\/v2\/users\/1"}],"replies":[{"embeddable":true,"href":"https:\/\/carbonveneta.com\/de\/wp-json\/wp\/v2\/comments?post=33732"}],"version-history":[{"count":3,"href":"https:\/\/carbonveneta.com\/de\/wp-json\/wp\/v2\/pages\/33732\/revisions"}],"predecessor-version":[{"id":33821,"href":"https:\/\/carbonveneta.com\/de\/wp-json\/wp\/v2\/pages\/33732\/revisions\/33821"}],"wp:attachment":[{"href":"https:\/\/carbonveneta.com\/de\/wp-json\/wp\/v2\/media?parent=33732"}],"curies":[{"name":"wp","href":"https:\/\/api.w.org\/{rel}","templated":true}]}}